{"id":76,"date":"2016-09-25T22:15:17","date_gmt":"2016-09-25T20:15:17","guid":{"rendered":"http:\/\/vernonduguay.com\/?page_id=76"},"modified":"2022-07-20T19:13:49","modified_gmt":"2022-07-20T17:13:49","slug":"albums","status":"publish","type":"page","link":"https:\/\/vernonduguay.com\/?page_id=76","title":{"rendered":"Albums"},"content":{"rendered":"\n<figure class=\"wp-block-image size-large\"><img loading=\"lazy\" width=\"476\" height=\"1024\" src=\"https:\/\/vernonduguay.com\/wp-content\/uploads\/2022\/07\/Album-Duguayville-476x1024.jpg\" alt=\"\" class=\"wp-image-207\" srcset=\"https:\/\/vernonduguay.com\/wp-content\/uploads\/2022\/07\/Album-Duguayville-476x1024.jpg 476w, https:\/\/vernonduguay.com\/wp-content\/uploads\/2022\/07\/Album-Duguayville-139x300.jpg 139w, https:\/\/vernonduguay.com\/wp-content\/uploads\/2022\/07\/Album-Duguayville-768x1652.jpg 768w, https:\/\/vernonduguay.com\/wp-content\/uploads\/2022\/07\/Album-Duguayville-714x1536.jpg 714w, https:\/\/vernonduguay.com\/wp-content\/uploads\/2022\/07\/Album-Duguayville-952x2048.jpg 952w, https:\/\/vernonduguay.com\/wp-content\/uploads\/2022\/07\/Album-Duguayville-830x1786.jpg 830w, https:\/\/vernonduguay.com\/wp-content\/uploads\/2022\/07\/Album-Duguayville-230x495.jpg 230w, https:\/\/vernonduguay.com\/wp-content\/uploads\/2022\/07\/Album-Duguayville-350x753.jpg 350w, https:\/\/vernonduguay.com\/wp-content\/uploads\/2022\/07\/Album-Duguayville-480x1033.jpg 480w, https:\/\/vernonduguay.com\/wp-content\/uploads\/2022\/07\/Album-Duguayville-scaled.jpg 1190w\" sizes=\"(max-width: 476px) 100vw, 476px\" \/><\/figure>\n\n\n\n<p>Parut en 2022<\/p>\n\n\n\n<p><\/p>\n\n\n<p><img loading=\"lazy\" class=\"alignnone size-medium wp-image-79\" src=\"https:\/\/vernonduguay.com\/wp-content\/uploads\/2016\/09\/jesuiscom-300x300.jpg\" alt=\"jesuiscom\" width=\"300\" height=\"300\" srcset=\"https:\/\/vernonduguay.com\/wp-content\/uploads\/2016\/09\/jesuiscom-300x300.jpg 300w, https:\/\/vernonduguay.com\/wp-content\/uploads\/2016\/09\/jesuiscom-150x150.jpg 150w, https:\/\/vernonduguay.com\/wp-content\/uploads\/2016\/09\/jesuiscom-230x230.jpg 230w, https:\/\/vernonduguay.com\/wp-content\/uploads\/2016\/09\/jesuiscom-350x350.jpg 350w, https:\/\/vernonduguay.com\/wp-content\/uploads\/2016\/09\/jesuiscom.jpg 480w\" sizes=\"(max-width: 300px) 100vw, 300px\" \/><\/p>\n<p>Parut en 2014 &#8211; Voici quelques extraits<\/p>\n<p>C-Difficile<\/p>\n<!--[if lt IE 9]><script>document.createElement('audio');<\/script><![endif]-->\n<audio class=\"wp-audio-shortcode\" id=\"audio-76-1\" preload=\"none\" style=\"width: 100%;\" controls=\"controls\"><source type=\"audio\/mpeg\" src=\"https:\/\/vernonduguay.com\/wp-content\/uploads\/2016\/09\/08-CDifficile.mp3?_=1\" \/><a href=\"https:\/\/vernonduguay.com\/wp-content\/uploads\/2016\/09\/08-CDifficile.mp3\">https:\/\/vernonduguay.com\/wp-content\/uploads\/2016\/09\/08-CDifficile.mp3<\/a><\/audio>\n<p>J&rsquo;suis heureux<\/p>\n<audio class=\"wp-audio-shortcode\" id=\"audio-76-2\" preload=\"none\" style=\"width: 100%;\" controls=\"controls\"><source type=\"audio\/mpeg\" src=\"https:\/\/vernonduguay.com\/wp-content\/uploads\/2016\/09\/07-JsuisHeureux.mp3?_=2\" \/><a href=\"https:\/\/vernonduguay.com\/wp-content\/uploads\/2016\/09\/07-JsuisHeureux.mp3\">https:\/\/vernonduguay.com\/wp-content\/uploads\/2016\/09\/07-JsuisHeureux.mp3<\/a><\/audio>\n<p>Jour d&rsquo;ennui<\/p>\n<audio class=\"wp-audio-shortcode\" id=\"audio-76-3\" preload=\"none\" style=\"width: 100%;\" controls=\"controls\"><source type=\"audio\/mpeg\" src=\"https:\/\/vernonduguay.com\/wp-content\/uploads\/2016\/09\/06-JourdEnnui.mp3?_=3\" \/><a href=\"https:\/\/vernonduguay.com\/wp-content\/uploads\/2016\/09\/06-JourdEnnui.mp3\">https:\/\/vernonduguay.com\/wp-content\/uploads\/2016\/09\/06-JourdEnnui.mp3<\/a><\/audio>\n<p>Enfants de Lazare<\/p>\n<audio class=\"wp-audio-shortcode\" id=\"audio-76-4\" preload=\"none\" style=\"width: 100%;\" controls=\"controls\"><source type=\"audio\/mpeg\" src=\"https:\/\/vernonduguay.com\/wp-content\/uploads\/2016\/09\/05-EnfantsLazare.mp3?_=4\" \/><a href=\"https:\/\/vernonduguay.com\/wp-content\/uploads\/2016\/09\/05-EnfantsLazare.mp3\">https:\/\/vernonduguay.com\/wp-content\/uploads\/2016\/09\/05-EnfantsLazare.mp3<\/a><\/audio>\n<p><\/p>\n<p><\/p>\n<p><img loading=\"lazy\" class=\"alignnone size-medium wp-image-78\" src=\"https:\/\/vernonduguay.com\/wp-content\/uploads\/2016\/09\/enfantdelazare-298x300.jpg\" alt=\"enfantdelazare\" width=\"298\" height=\"300\" srcset=\"https:\/\/vernonduguay.com\/wp-content\/uploads\/2016\/09\/enfantdelazare-298x300.jpg 298w, https:\/\/vernonduguay.com\/wp-content\/uploads\/2016\/09\/enfantdelazare-150x150.jpg 150w, https:\/\/vernonduguay.com\/wp-content\/uploads\/2016\/09\/enfantdelazare-230x232.jpg 230w, https:\/\/vernonduguay.com\/wp-content\/uploads\/2016\/09\/enfantdelazare-350x353.jpg 350w, https:\/\/vernonduguay.com\/wp-content\/uploads\/2016\/09\/enfantdelazare.jpg 476w\" sizes=\"(max-width: 298px) 100vw, 298px\" \/><\/p>\n<p>Album simple contenant la chanson <em>Enfants de Lazare<\/em> inspir\u00e9 du livre <em>Histoire du Lazaret de Tracadie-Shaila<\/em> de Mary-Jane O&rsquo;Neil-Losier et C\u00e9line Pinet.<\/p>\n<p>En vente au co\u00fbt de 5$ au profit du mus\u00e9e de Tracadie<\/p>\n<p>Pour plus d&rsquo;informations suivez <a href=\"http:\/\/www.musee-tracadie.com\/index.php?option=com_content&amp;view=article&amp;id=57&amp;Itemid=66&amp;lang=fr\"> ce lien<\/a><\/p>\n<p><\/p>","protected":false},"excerpt":{"rendered":"<p>Parut en 2022 Parut en 2014 &#8211; Voici quelques extraits C-Difficile J&rsquo;suis heureux Jour d&rsquo;ennui Enfants de Lazare Album simple contenant la chanson Enfants de Lazare inspir\u00e9 du livre Histoire du Lazaret de Tracadie-Shaila de Mary-Jane O&rsquo;Neil-Losier et C\u00e9line Pinet. En vente au co\u00fbt de 5$ au profit du mus\u00e9e de Tracadie Pour plus d&rsquo;informations [&hellip;]<\/p>\n","protected":false},"author":1,"featured_media":206,"parent":0,"menu_order":0,"comment_status":"closed","ping_status":"closed","template":"page-templates\/page_fullwidth.php","meta":{"sfsi_plus_gutenberg_text_before_share":"","sfsi_plus_gutenberg_show_text_before_share":"","sfsi_plus_gutenberg_icon_type":"","sfsi_plus_gutenberg_icon_alignemt":"","sfsi_plus_gutenburg_max_per_row":""},"_links":{"self":[{"href":"https:\/\/vernonduguay.com\/index.php?rest_route=\/wp\/v2\/pages\/76"}],"collection":[{"href":"https:\/\/vernonduguay.com\/index.php?rest_route=\/wp\/v2\/pages"}],"about":[{"href":"https:\/\/vernonduguay.com\/index.php?rest_route=\/wp\/v2\/types\/page"}],"author":[{"embeddable":true,"href":"https:\/\/vernonduguay.com\/index.php?rest_route=\/wp\/v2\/users\/1"}],"replies":[{"embeddable":true,"href":"https:\/\/vernonduguay.com\/index.php?rest_route=%2Fwp%2Fv2%2Fcomments&post=76"}],"version-history":[{"count":6,"href":"https:\/\/vernonduguay.com\/index.php?rest_route=\/wp\/v2\/pages\/76\/revisions"}],"predecessor-version":[{"id":210,"href":"https:\/\/vernonduguay.com\/index.php?rest_route=\/wp\/v2\/pages\/76\/revisions\/210"}],"wp:featuredmedia":[{"embeddable":true,"href":"https:\/\/vernonduguay.com\/index.php?rest_route=\/wp\/v2\/media\/206"}],"wp:attachment":[{"href":"https:\/\/vernonduguay.com\/index.php?rest_route=%2Fwp%2Fv2%2Fmedia&parent=76"}],"curies":[{"name":"wp","href":"https:\/\/api.w.org\/{rel}","templated":true}]}}