{"id":143,"date":"2016-09-28T03:08:29","date_gmt":"2016-09-28T01:08:29","guid":{"rendered":"http:\/\/vernonduguay.com\/?page_id=143"},"modified":"2016-09-28T03:13:13","modified_gmt":"2016-09-28T01:13:13","slug":"peintures","status":"publish","type":"page","link":"https:\/\/vernonduguay.com\/?page_id=143","title":{"rendered":"Peintures"},"content":{"rendered":"<p style=\"text-align: center;\"><iframe src=\"https:\/\/www.youtube.com\/embed\/bkW9xeJkXCg\" width=\"560\" height=\"315\" frameborder=\"0\" allowfullscreen=\"allowfullscreen\"><\/iframe><\/p>\n<div class=\"ga-styles-warning\" style=\"width: 450px; background-color: #FFF; color: #F00; border: 1px solid #F00; padding: 10px; font-size: 14px;\">\n\t\t\t<span style=\"font-weight: bold;\">Warning: The stylesheets were not loaded!<\/span> \n\t\t\tYou will need to change the <i>Load stylesheets<\/i> setting from <i>Automatically<\/i> to <i>On homepage<\/i> or <i>On all pages<\/i>. \n\t\t\tYou can set that <a style=\"text-decoration: underline; color: #F00;\" href=\"https:\/\/vernonduguay.com\/wp-admin\/admin.php?page=grid-accordion-lite-settings\">here<\/a>.\n\t\t\t<\/div>\r\n<div id=\"grid-accordion-3\" class=\"grid-accordion ga-no-js\" style=\"width: 1024px; height: 450px;\">\r\n\t<div class=\"ga-panels\">\r\n\t\t\r\n\t\t<div class=\"ga-panel\">\r\n\t\t\t<img class=\"ga-background\" src=\"https:\/\/vernonduguay.com\/wp-content\/uploads\/2016\/09\/1987RocknRoll-ac-56x43-234x300.jpg\" alt=\"Rock&#039;n Roll (1987) - Acrylique sur toile 56x34\" title=\"Rock&#039;n Roll (1987) - Acrylique sur toile 56x34\" width=\"234\" height=\"300\" \/>\r\n\t\t<\/div>\r\n\t\t<div class=\"ga-panel\">\r\n\t\t\t<img class=\"ga-background\" src=\"https:\/\/vernonduguay.com\/wp-content\/uploads\/2016\/09\/0000villedeglace-ac-18x36-166x300.jpg\" alt=\"Ville de glace - Acrylique sur toile 18x36\" title=\"Ville de glace - Acrylique sur toile 18x36\" width=\"166\" height=\"300\" \/>\r\n\t\t<\/div>\r\n\t\t<div class=\"ga-panel\">\r\n\t\t\t<img class=\"ga-background\" src=\"https:\/\/vernonduguay.com\/wp-content\/uploads\/2016\/09\/0000ToucheDuBois-ac-18x36-162x300.jpg\" alt=\"Touche du bois - Acrylique sur toile 18x36\" title=\"Touche du bois - Acrylique sur toile 18x36\" width=\"162\" height=\"300\" \/>\r\n\t\t<\/div>\r\n\t\t<div class=\"ga-panel\">\r\n\t\t\t<img class=\"ga-background\" src=\"https:\/\/vernonduguay.com\/wp-content\/uploads\/2016\/09\/1995-pissed-off-xx-00x00-300x225.jpg\" alt=\"Pissed Off (1995) - Acrylique sur toile\" title=\"Pissed Off (1995) - Acrylique sur toile\" width=\"300\" height=\"225\" \/>\r\n\t\t<\/div>\r\n\t\t<div class=\"ga-panel\">\r\n\t\t\t<img class=\"ga-background\" src=\"https:\/\/vernonduguay.com\/wp-content\/uploads\/2016\/09\/000MontrealVilleDeHockey-ac-14x36-300x155.jpg\" alt=\"Montr\u00e9al ville de hockey - Acrylique sur toile 14x36\" title=\"Montr\u00e9al ville de hockey - Acrylique sur toile 14x36\" width=\"300\" height=\"155\" \/>\r\n\t\t<\/div>\r\n\t\t<div class=\"ga-panel\">\r\n\t\t\t<img class=\"ga-background\" src=\"https:\/\/vernonduguay.com\/wp-content\/uploads\/2016\/09\/0000voirunhommepleurer-ac-18x18-300x271.jpg\" alt=\"Voir un homme pleurer - Acrylique sur toile 18x18\" title=\"Voir un homme pleurer - Acrylique sur toile 18x18\" width=\"300\" height=\"271\" \/>\r\n\t\t<\/div>\r\n\t\t<div class=\"ga-panel\">\r\n\t\t\t<img class=\"ga-background\" src=\"https:\/\/vernonduguay.com\/wp-content\/uploads\/2016\/09\/0000teteenfeu-ac-36x48-300x234.jpg\" alt=\"T\u00eate en feu - Acrylique sur toile 36x48\" title=\"T\u00eate en feu - Acrylique sur toile 36x48\" width=\"300\" height=\"234\" \/>\r\n\t\t<\/div>\r\n\t\t<div class=\"ga-panel\">\r\n\t\t\t<img class=\"ga-background\" src=\"https:\/\/vernonduguay.com\/wp-content\/uploads\/2016\/09\/0000Tattoo-ac-16x20-300x260.jpg\" alt=\"Tattoo - Acrylique sur toile 16x20\" title=\"Tattoo - Acrylique sur toile 16x20\" width=\"300\" height=\"260\" \/>\r\n\t\t<\/div>\r\n\t\t<div class=\"ga-panel\">\r\n\t\t\t<img class=\"ga-background\" src=\"https:\/\/vernonduguay.com\/wp-content\/uploads\/2016\/09\/0000surfin-usa-ac-12x24-300x154.jpg\" alt=\"Surfin USA - Acrylique sur toile 12x24\" title=\"Surfin USA - Acrylique sur toile 12x24\" width=\"300\" height=\"154\" \/>\r\n\t\t<\/div>\r\n\t\t<div class=\"ga-panel\">\r\n\t\t\t<img class=\"ga-background\" src=\"https:\/\/vernonduguay.com\/wp-content\/uploads\/2016\/09\/0000mes-mninges-ac-18x24-300x221.jpg\" alt=\"Mes m\u00e9ninges - Acrylique sur toile 18x24\" title=\"Mes m\u00e9ninges - Acrylique sur toile 18x24\" width=\"300\" height=\"221\" \/>\r\n\t\t<\/div>\r\n\t\t<div class=\"ga-panel\">\r\n\t\t\t<img class=\"ga-background\" src=\"https:\/\/vernonduguay.com\/wp-content\/uploads\/2016\/09\/0000GloryHole-ac-24x36-300x211.jpg\" alt=\"Glory hole - Acrylique sur toile 24x36\" title=\"Glory hole - Acrylique sur toile 24x36\" width=\"300\" height=\"211\" \/>\r\n\t\t<\/div>\r\n\t\t<div class=\"ga-panel\">\r\n\t\t\t<img class=\"ga-background\" src=\"https:\/\/vernonduguay.com\/wp-content\/uploads\/2016\/09\/0000Janvier-ac-20x20-297x300.jpg\" alt=\"Janvier - Acrylique sur toile 20x20\" title=\"Janvier - Acrylique sur toile 20x20\" width=\"297\" height=\"300\" \/>\r\n\t\t<\/div>\r\n\t\t<div class=\"ga-panel\">\r\n\t\t\t<img class=\"ga-background\" src=\"https:\/\/vernonduguay.com\/wp-content\/uploads\/2016\/09\/0000limette-ac-11x16-300x270.jpg\" alt=\"Limette - Acrylique sur toile 11x16\" title=\"Limette - Acrylique sur toile 11x16\" width=\"300\" height=\"270\" \/>\r\n\t\t<\/div>\r\n\t\t<div class=\"ga-panel\">\r\n\t\t\t<img class=\"ga-background\" src=\"https:\/\/vernonduguay.com\/wp-content\/uploads\/2016\/09\/0000MyWhiteBicycle-ac-18x24-229x300.jpg\" alt=\"My white bicycle - Acrylique sur toile 18x24\" title=\"My white bicycle - Acrylique sur toile 18x24\" width=\"229\" height=\"300\" \/>\r\n\t\t<\/div>\r\n\t\t<div class=\"ga-panel\">\r\n\t\t\t<img class=\"ga-background\" src=\"https:\/\/vernonduguay.com\/wp-content\/uploads\/2016\/09\/0000-je-suis-venu-voir-dans-tes-yeux-quoi-faire-de-ma-vie-xx-00x00-300x219.jpg\" alt=\"Je suis venu voir dans tes yeux quoi faire de ma vie - Acrylique sur toile\" title=\"Je suis venu voir dans tes yeux quoi faire de ma vie - Acrylique sur toile\" width=\"300\" height=\"219\" \/>\r\n\t\t<\/div>\r\n\t\t<div class=\"ga-panel\">\r\n\t\t\t<img class=\"ga-background\" src=\"https:\/\/vernonduguay.com\/wp-content\/uploads\/2016\/09\/0000pinky-ac-11x14-270x300.jpg\" alt=\"Pinky- Acrylique sur toile 11x14\" title=\"Pinky- Acrylique sur toile 11x14\" width=\"270\" height=\"300\" \/>\r\n\t\t<\/div>\r\n\t\t<div class=\"ga-panel\">\r\n\t\t\t<img class=\"ga-background\" src=\"https:\/\/vernonduguay.com\/wp-content\/uploads\/2016\/09\/0000JmeMariePas-ac-15x30-154x300.jpg\" alt=\"J&#039;me marie pas - Acrylique sur toile 15x30\" title=\"J&#039;me marie pas - Acrylique sur toile 15x30\" width=\"154\" height=\"300\" \/>\r\n\t\t<\/div>\r\n\t\t<div class=\"ga-panel\">\r\n\t\t\t<img class=\"ga-background\" src=\"https:\/\/vernonduguay.com\/wp-content\/uploads\/2016\/09\/0000LampesChinoises-ac-16x20-242x300.jpg\" alt=\"Lampes chinoises - Acrylique sur toile 16x20\" title=\"Lampes chinoises - Acrylique sur toile 16x20\" width=\"242\" height=\"300\" \/>\r\n\t\t<\/div>\r\n\t\t<div class=\"ga-panel\">\r\n\t\t\t<img class=\"ga-background\" src=\"https:\/\/vernonduguay.com\/wp-content\/uploads\/2016\/09\/0000Rockstar-ac-14x18-237x300.jpg\" alt=\"Rockstar- Acrylique sur toile 14x18\" title=\"Rockstar- Acrylique sur toile 14x18\" width=\"237\" height=\"300\" \/>\r\n\t\t<\/div>\r\n\t\t<div class=\"ga-panel\">\r\n\t\t\t<img class=\"ga-background\" src=\"https:\/\/vernonduguay.com\/wp-content\/uploads\/2016\/09\/0000-Laterreestunevachealait-ac-00x00-300x213.jpg\" alt=\"La terre est une vache \u00e0 lait - Acrylique sur toile\" title=\"La terre est une vache \u00e0 lait - Acrylique sur toile\" width=\"300\" height=\"213\" \/>\r\n\t\t<\/div>\r\n\t\t<div class=\"ga-panel\">\r\n\t\t\t<img class=\"ga-background\" src=\"https:\/\/vernonduguay.com\/wp-content\/uploads\/2016\/09\/0000sansnom-ac-12x36-102x300.jpg\" alt=\"Sans nom- Acrylique sur toile 12x36\" title=\"Sans nom- Acrylique sur toile 12x36\" width=\"102\" height=\"300\" \/>\r\n\t\t<\/div>\r\n\t\t<div class=\"ga-panel\">\r\n\t\t\t<img class=\"ga-background\" src=\"https:\/\/vernonduguay.com\/wp-content\/uploads\/2016\/09\/0000le-soleil-sendort-l-o-les-toiles-se-rveillent-ac-16x24-300x226.jpg\" alt=\"Le soleil s&#039;endort l\u00e0 ou les \u00e9toiles se r\u00e9veillent - Acrylique sur toile 16x24\" title=\"Le soleil s&#039;endort l\u00e0 ou les \u00e9toiles se r\u00e9veillent - Acrylique sur toile 16x24\" width=\"300\" height=\"226\" \/>\r\n\t\t<\/div>\r\n\t\t<div class=\"ga-panel\">\r\n\t\t\t<img class=\"ga-background\" src=\"https:\/\/vernonduguay.com\/wp-content\/uploads\/2016\/09\/0000SansNom-ac-16x20-240x300.jpg\" alt=\"Sans nom- Acrylique sur toile 16x20\" title=\"Sans nom- Acrylique sur toile 16x20\" width=\"240\" height=\"300\" \/>\r\n\t\t<\/div>\r\n\t\t<div class=\"ga-panel\">\r\n\t\t\t<img class=\"ga-background\" src=\"https:\/\/vernonduguay.com\/wp-content\/uploads\/2016\/09\/0000lennui-ac-18x24-300x233.jpg\" alt=\"L&#039;ennui- Acrylique sur toile 18x24\" title=\"L&#039;ennui- Acrylique sur toile 18x24\" width=\"300\" height=\"233\" \/>\r\n\t\t<\/div>\r\n\t\t<div class=\"ga-panel\">\r\n\t\t\t<img class=\"ga-background\" src=\"https:\/\/vernonduguay.com\/wp-content\/uploads\/2016\/09\/0000-sanstitre-ac-42x54-300x236.jpg\" alt=\"Sans Titre- Acrylique sur toile 42x54\" title=\"Sans Titre- Acrylique sur toile 42x54\" width=\"300\" height=\"236\" \/>\r\n\t\t<\/div>\r\n\t\t<div class=\"ga-panel\">\r\n\t\t\t<img class=\"ga-background\" src=\"https:\/\/vernonduguay.com\/wp-content\/uploads\/2016\/09\/0000-lesdeuxamis-ac-14x18-241x300.jpg\" alt=\"Les deux amis - Acrylique sur toile 14x18\" title=\"Les deux amis - Acrylique sur toile 14x18\" width=\"241\" height=\"300\" \/>\r\n\t\t<\/div>\r\n\t\t<div class=\"ga-panel\">\r\n\t\t\t<img class=\"ga-background\" src=\"https:\/\/vernonduguay.com\/wp-content\/uploads\/2016\/09\/0000souffle-sur-le-feu-ac-20x24-267x300.jpg\" alt=\"Souffle sur le feu - Acrylique sur toile 20x24\" title=\"Souffle sur le feu - Acrylique sur toile 20x24\" width=\"267\" height=\"300\" \/>\r\n\t\t<\/div>\r\n\t\t<div class=\"ga-panel\">\r\n\t\t\t<img class=\"ga-background\" src=\"https:\/\/vernonduguay.com\/wp-content\/uploads\/2016\/09\/0000-FTW-ac-24x18-300x231.jpg\" alt=\"FTW - Acrylique sur toile 24x18\" title=\"FTW - Acrylique sur toile 24x18\" width=\"300\" height=\"231\" \/>\r\n\t\t<\/div>\r\n\t\t<div class=\"ga-panel\">\r\n\t\t\t<img class=\"ga-background\" src=\"https:\/\/vernonduguay.com\/wp-content\/uploads\/2016\/09\/0000FruitDefendu-ac-00x00-300x259.jpg\" alt=\"Fruit d\u00e9fendu - Acrylique sur toile\" title=\"Fruit d\u00e9fendu - Acrylique sur toile\" width=\"300\" height=\"259\" \/>\r\n\t\t<\/div>\r\n\t\t<div class=\"ga-panel\">\r\n\t\t\t<img class=\"ga-background\" src=\"https:\/\/vernonduguay.com\/wp-content\/uploads\/2016\/09\/0000FlowerPower-ac-20x16-300x225.jpg\" alt=\"Flower power - Acrylique sur toile 20x16\" title=\"Flower power - Acrylique sur toile 20x16\" width=\"300\" height=\"225\" \/>\r\n\t\t<\/div>\r\n\t\t<div class=\"ga-panel\">\r\n\t\t\t<img class=\"ga-background\" src=\"https:\/\/vernonduguay.com\/wp-content\/uploads\/2016\/09\/0000Feuillemorte-ac-16x20-276x300.jpg\" alt=\"Feuille morte - Acrylique sur toile 16x20\" title=\"Feuille morte - Acrylique sur toile 16x20\" width=\"276\" height=\"300\" \/>\r\n\t\t<\/div>\r\n\t\t<div class=\"ga-panel\">\r\n\t\t\t<img class=\"ga-background\" src=\"https:\/\/vernonduguay.com\/wp-content\/uploads\/2016\/09\/0000culsec-ac-18x36-300x118.jpg\" alt=\"Cul sec - Acrylique sur toile 18x36\" title=\"Cul sec - Acrylique sur toile 18x36\" width=\"300\" height=\"118\" \/>\r\n\t\t<\/div>\r\n\t\t<div class=\"ga-panel\">\r\n\t\t\t<img class=\"ga-background\" src=\"https:\/\/vernonduguay.com\/wp-content\/uploads\/2016\/09\/0000CoupdeTrompette-ac-18x24-221x300.jpg\" alt=\"Coup de trompette - Acrylique sur toile 18x24\" title=\"Coup de trompette - Acrylique sur toile 18x24\" width=\"221\" height=\"300\" \/>\r\n\t\t<\/div>\r\n\t\t<div class=\"ga-panel\">\r\n\t\t\t<img class=\"ga-background\" src=\"https:\/\/vernonduguay.com\/wp-content\/uploads\/2016\/09\/0000-cafe-ac-2x36-116x300.jpg\" alt=\"Caf\u00e9 - Acrylique sur toile 2x36\" title=\"Caf\u00e9 - Acrylique sur toile 2x36\" width=\"116\" height=\"300\" \/>\r\n\t\t<\/div>\r\n\t\t<div class=\"ga-panel\">\r\n\t\t\t<img class=\"ga-background\" src=\"https:\/\/vernonduguay.com\/wp-content\/uploads\/2016\/09\/0000alorsondanse-ac-24x18-199x300.jpg\" alt=\"Alors on danse - Acrylique sur toile 24x18\" title=\"Alors on danse - Acrylique sur toile 24x18\" width=\"199\" height=\"300\" \/>\r\n\t\t<\/div>\r\n\t\t<div class=\"ga-panel\">\r\n\t\t\t<img class=\"ga-background\" src=\"https:\/\/vernonduguay.com\/wp-content\/uploads\/2018\/07\/F6148A70-85B2-466C-91EB-2B84F29383D4-225x300.png\" alt=\"&#039;&#039;Man&#039;&#039; Acrylique 15 x 30\" title=\"&#039;&#039;Man&#039;&#039; Acrylique 15 x 30\" width=\"225\" height=\"300\" \/>\r\n\t\t<\/div>\r\n\t\t<div class=\"ga-panel\">\r\n\t\t\t<img class=\"ga-background\" src=\"https:\/\/vernonduguay.com\/wp-content\/uploads\/2018\/07\/EC20D417-6F63-4E9F-8E82-C2332FB01150-225x300.png\" alt=\"&#039;&#039;Un pied devant l&#039;autre sur la lune&#039;&#039; Acrylique 24 x 36\" title=\"&#039;&#039;Un pied devant l&#039;autre sur la lune&#039;&#039; Acrylique 24 x 36\" width=\"225\" height=\"300\" \/>\r\n\t\t<\/div>\r\n\t\t<div class=\"ga-panel\">\r\n\t\t\t<img class=\"ga-background\" src=\"https:\/\/vernonduguay.com\/wp-content\/uploads\/2018\/07\/D9D1808B-0140-4198-9B9D-1355C2795338-225x300.png\" alt=\"?\" title=\"?\" width=\"225\" height=\"300\" \/>\r\n\t\t<\/div>\r\n\t\t<div class=\"ga-panel\">\r\n\t\t\t<img class=\"ga-background\" src=\"https:\/\/vernonduguay.com\/wp-content\/uploads\/2018\/07\/DADAA63A-7B90-4A5C-9D4D-349C4DDC4ACC-225x300.png\" alt=\"?\" title=\"?\" width=\"225\" height=\"300\" \/>\r\n\t\t<\/div>\r\n\t\t<div class=\"ga-panel\">\r\n\t\t\t<img class=\"ga-background\" src=\"https:\/\/vernonduguay.com\/wp-content\/uploads\/2018\/07\/1D0A3687-5DB8-4DDA-A3BB-DA8F86681B17-225x300.png\" alt=\"?\" title=\"?\" width=\"225\" height=\"300\" \/>\r\n\t\t<\/div>\r\n\t\t<div class=\"ga-panel\">\r\n\t\t\t<img class=\"ga-background\" src=\"https:\/\/vernonduguay.com\/wp-content\/uploads\/2018\/07\/5F31CF29-2ED2-4F0C-A871-81A44990051E-225x300.png\" alt=\"&#039;&#039;Foetus&#039;&#039; Acrylique 20x24\" title=\"&#039;&#039;Foetus&#039;&#039; Acrylique 20x24\" width=\"225\" height=\"300\" \/>\r\n\t\t<\/div>\r\n\t\t<div class=\"ga-panel\">\r\n\t\t\t<img class=\"ga-background\" src=\"https:\/\/vernonduguay.com\/wp-content\/uploads\/2018\/07\/B701AC5E-DF0B-42E7-A9C8-0C2EA33BB377-225x300.png\" alt=\"Dialogue\" title=\"Dialogue\" width=\"225\" height=\"300\" \/>\r\n\t\t<\/div>\r\n\t<\/div>\r\n<\/div>\n<p>&nbsp;<\/p>\n<p>&nbsp;<\/p>\n","protected":false},"excerpt":{"rendered":"<p>&nbsp; &nbsp;<\/p>\n","protected":false},"author":1,"featured_media":0,"parent":0,"menu_order":0,"comment_status":"closed","ping_status":"closed","template":"","meta":{"sfsi_plus_gutenberg_text_before_share":"","sfsi_plus_gutenberg_show_text_before_share":"","sfsi_plus_gutenberg_icon_type":"","sfsi_plus_gutenberg_icon_alignemt":"","sfsi_plus_gutenburg_max_per_row":""},"_links":{"self":[{"href":"https:\/\/vernonduguay.com\/index.php?rest_route=\/wp\/v2\/pages\/143"}],"collection":[{"href":"https:\/\/vernonduguay.com\/index.php?rest_route=\/wp\/v2\/pages"}],"about":[{"href":"https:\/\/vernonduguay.com\/index.php?rest_route=\/wp\/v2\/types\/page"}],"author":[{"embeddable":true,"href":"https:\/\/vernonduguay.com\/index.php?rest_route=\/wp\/v2\/users\/1"}],"replies":[{"embeddable":true,"href":"https:\/\/vernonduguay.com\/index.php?rest_route=%2Fwp%2Fv2%2Fcomments&post=143"}],"version-history":[{"count":4,"href":"https:\/\/vernonduguay.com\/index.php?rest_route=\/wp\/v2\/pages\/143\/revisions"}],"predecessor-version":[{"id":148,"href":"https:\/\/vernonduguay.com\/index.php?rest_route=\/wp\/v2\/pages\/143\/revisions\/148"}],"wp:attachment":[{"href":"https:\/\/vernonduguay.com\/index.php?rest_route=%2Fwp%2Fv2%2Fmedia&parent=143"}],"curies":[{"name":"wp","href":"https:\/\/api.w.org\/{rel}","templated":true}]}}